{"id":25,"date":"2023-02-14T16:40:09","date_gmt":"2023-02-14T16:40:09","guid":{"rendered":"https:\/\/demos.codezeel.com\/wordpress\/WP02\/WP030\/default\/?page_id=25"},"modified":"2025-11-27T14:36:33","modified_gmt":"2025-11-27T13:36:33","slug":"about-us","status":"publish","type":"page","link":"https:\/\/stacjafinanse.pl\/index.php\/about-us\/","title":{"rendered":"O nas"},"content":{"rendered":"\t\t<div data-elementor-type=\"wp-page\" data-elementor-id=\"25\" class=\"elementor elementor-25\">\n\t\t\t\t<div class=\"elementor-element elementor-element-f2d2162 e-con-full e-flex e-con e-parent\" data-id=\"f2d2162\" data-element_type=\"container\" data-e-type=\"container\" data-settings=\"{&quot;position&quot;:&quot;absolute&quot;}\">\n\t\t\t\t<\/div>\n\t\t\t\t<section class=\"elementor-section elementor-top-section elementor-element elementor-element-236afe7 elementor-section-boxed elementor-section-height-default elementor-section-height-default\" data-id=\"236afe7\" data-element_type=\"section\" data-e-type=\"section\">\n\t\t\t\t\t\t<div class=\"elementor-container elementor-column-gap-no\">\n\t\t\t\t\t<div class=\"elementor-column elementor-col-50 elementor-top-column elementor-element elementor-element-822c251\" data-id=\"822c251\" data-element_type=\"column\" data-e-type=\"column\">\n\t\t\t<div class=\"elementor-widget-wrap elementor-element-populated\">\n\t\t\t\t\t\t<div class=\"elementor-element elementor-element-7b79dfb elementor-widget elementor-widget-image\" data-id=\"7b79dfb\" data-element_type=\"widget\" data-e-type=\"widget\" data-widget_type=\"image.default\">\n\t\t\t\t\t\t\t\t\t\t\t\t\t\t\t<img fetchpriority=\"high\" decoding=\"async\" width=\"1080\" height=\"1080\" src=\"https:\/\/stacjafinanse.pl\/wp-content\/uploads\/2025\/11\/du.png\" class=\"attachment-full size-full wp-image-1804\" alt=\"\" srcset=\"https:\/\/stacjafinanse.pl\/wp-content\/uploads\/2025\/11\/du.png 1080w, https:\/\/stacjafinanse.pl\/wp-content\/uploads\/2025\/11\/du-300x300.png 300w, https:\/\/stacjafinanse.pl\/wp-content\/uploads\/2025\/11\/du-1024x1024.png 1024w, https:\/\/stacjafinanse.pl\/wp-content\/uploads\/2025\/11\/du-150x150.png 150w, https:\/\/stacjafinanse.pl\/wp-content\/uploads\/2025\/11\/du-768x768.png 768w, https:\/\/stacjafinanse.pl\/wp-content\/uploads\/2025\/11\/du-600x600.png 600w, https:\/\/stacjafinanse.pl\/wp-content\/uploads\/2025\/11\/du-100x100.png 100w, https:\/\/stacjafinanse.pl\/wp-content\/uploads\/2025\/11\/du-96x96.png 96w, https:\/\/stacjafinanse.pl\/wp-content\/uploads\/2025\/11\/du-460x460.png 460w\" sizes=\"(max-width: 1080px) 100vw, 1080px\" \/>\t\t\t\t\t\t\t\t\t\t\t\t\t\t\t<\/div>\n\t\t\t\t\t<\/div>\n\t\t<\/div>\n\t\t\t\t<div class=\"elementor-column elementor-col-50 elementor-top-column elementor-element elementor-element-f6f48c1\" data-id=\"f6f48c1\" data-element_type=\"column\" data-e-type=\"column\">\n\t\t\t<div class=\"elementor-widget-wrap elementor-element-populated\">\n\t\t\t\t\t\t<div class=\"elementor-element elementor-element-ca68ce8 elementor-widget elementor-widget-heading\" data-id=\"ca68ce8\" data-element_type=\"widget\" data-e-type=\"widget\" data-widget_type=\"heading.default\">\n\t\t\t\t\t<h1 class=\"elementor-heading-title elementor-size-default\">Kim jeste\u015bmy?<\/h1>\t\t\t\t<\/div>\n\t\t\t\t<div class=\"elementor-element elementor-element-cbfcefe elementor-widget elementor-widget-text-editor\" data-id=\"cbfcefe\" data-element_type=\"widget\" data-e-type=\"widget\" data-widget_type=\"text-editor.default\">\n\t\t\t\t\t\t\t\t\t<p>Lorem ipsum dolor sit amet, consectetur adipiscing elit. Donec sodales ullamcorper magna non condimentum. Donec tincidunt, lectus a suscipit rhoncus, nisl eros tristique urna, in sodales sapien justo dictum nisi.<\/p>\t\t\t\t\t\t\t\t<\/div>\n\t\t\t\t<section class=\"elementor-section elementor-inner-section elementor-element elementor-element-61b072c elementor-section-boxed elementor-section-height-default elementor-section-height-default\" data-id=\"61b072c\" data-element_type=\"section\" data-e-type=\"section\">\n\t\t\t\t\t\t<div class=\"elementor-container elementor-column-gap-no\">\n\t\t\t\t\t<div class=\"elementor-column elementor-col-100 elementor-inner-column elementor-element elementor-element-b39aa23\" data-id=\"b39aa23\" data-element_type=\"column\" data-e-type=\"column\">\n\t\t\t<div class=\"elementor-widget-wrap elementor-element-populated\">\n\t\t\t\t\t\t<div class=\"elementor-element elementor-element-e2b8e66 elementor-position-inline-start elementor-mobile-position-inline-start elementor-view-default elementor-widget elementor-widget-icon-box\" data-id=\"e2b8e66\" data-element_type=\"widget\" data-e-type=\"widget\" data-widget_type=\"icon-box.default\">\n\t\t\t\t\t\t\t<div class=\"elementor-icon-box-wrapper\">\n\n\t\t\t\t\t\t<div class=\"elementor-icon-box-icon\">\n\t\t\t\t<span  class=\"elementor-icon\">\n\t\t\t\t<svg xmlns=\"http:\/\/www.w3.org\/2000\/svg\" id=\"Layer_1\" data-name=\"Layer 1\" viewBox=\"0 0 512 512\"><path d=\"M243.8,339.8a28.07,28.07,0,0,1-39.6,0l-64-64a28,28,0,0,1,39.6-39.6L224,280.4,332.2,172.2a28,28,0,0,1,39.6,39.6l-128,128ZM512,256c0,141.4-114.6,256-256,256S0,397.4,0,256,114.6,0,256,0,512,114.6,512,256ZM256,48C141.1,48,48,141.1,48,256s93.1,208,208,208,208-93.1,208-208S370.9,48,256,48Z\" transform=\"translate(0 0)\"><\/path><\/svg>\t\t\t\t<\/span>\n\t\t\t<\/div>\n\t\t\t\n\t\t\t\t\t\t<div class=\"elementor-icon-box-content\">\n\n\t\t\t\t\t\t\t\t\t<h6 class=\"elementor-icon-box-title\">\n\t\t\t\t\t\t<span  >\n\t\t\t\t\t\t\tDo\u015bwiadczony zesp\u00f3\u0142 z wykszta\u0142ceniem finansowym\t\t\t\t\t\t<\/span>\n\t\t\t\t\t<\/h6>\n\t\t\t\t\n\t\t\t\t\t\t\t\t\t<p class=\"elementor-icon-box-description\">\n\t\t\t\t\t\tLorem ipsum dolor sit amet, consectetur adipiscing elit. Donec sodales ullamcorper magna non condimentum.\t\t\t\t\t<\/p>\n\t\t\t\t\n\t\t\t<\/div>\n\t\t\t\n\t\t<\/div>\n\t\t\t\t\t\t<\/div>\n\t\t\t\t<div class=\"elementor-element elementor-element-ec963b7 elementor-position-inline-start elementor-mobile-position-inline-start elementor-view-default elementor-widget elementor-widget-icon-box\" data-id=\"ec963b7\" data-element_type=\"widget\" data-e-type=\"widget\" data-widget_type=\"icon-box.default\">\n\t\t\t\t\t\t\t<div class=\"elementor-icon-box-wrapper\">\n\n\t\t\t\t\t\t<div class=\"elementor-icon-box-icon\">\n\t\t\t\t<span  class=\"elementor-icon\">\n\t\t\t\t<svg xmlns=\"http:\/\/www.w3.org\/2000\/svg\" id=\"Layer_1\" data-name=\"Layer 1\" viewBox=\"0 0 512 512\"><path d=\"M243.8,339.8a28.07,28.07,0,0,1-39.6,0l-64-64a28,28,0,0,1,39.6-39.6L224,280.4,332.2,172.2a28,28,0,0,1,39.6,39.6l-128,128ZM512,256c0,141.4-114.6,256-256,256S0,397.4,0,256,114.6,0,256,0,512,114.6,512,256ZM256,48C141.1,48,48,141.1,48,256s93.1,208,208,208,208-93.1,208-208S370.9,48,256,48Z\" transform=\"translate(0 0)\"><\/path><\/svg>\t\t\t\t<\/span>\n\t\t\t<\/div>\n\t\t\t\n\t\t\t\t\t\t<div class=\"elementor-icon-box-content\">\n\n\t\t\t\t\t\t\t\t\t<h6 class=\"elementor-icon-box-title\">\n\t\t\t\t\t\t<span  >\n\t\t\t\t\t\t\tPartnerskie, przyjazne podej\u015bcie do klienta\t\t\t\t\t\t<\/span>\n\t\t\t\t\t<\/h6>\n\t\t\t\t\n\t\t\t\t\t\t\t\t\t<p class=\"elementor-icon-box-description\">\n\t\t\t\t\t\tLorem ipsum dolor sit amet, consectetur adipiscing elit. Donec sodales ullamcorper magna non condimentum.\t\t\t\t\t<\/p>\n\t\t\t\t\n\t\t\t<\/div>\n\t\t\t\n\t\t<\/div>\n\t\t\t\t\t\t<\/div>\n\t\t\t\t\t<\/div>\n\t\t<\/div>\n\t\t\t\t\t<\/div>\n\t\t<\/section>\n\t\t\t\t\t<\/div>\n\t\t<\/div>\n\t\t\t\t\t<\/div>\n\t\t<\/section>\n\t\t\t\t<section class=\"elementor-section elementor-top-section elementor-element elementor-element-38a2e69 elementor-section-boxed elementor-section-height-default elementor-section-height-default\" data-id=\"38a2e69\" data-element_type=\"section\" data-e-type=\"section\">\n\t\t\t\t\t\t<div class=\"elementor-container elementor-column-gap-no\">\n\t\t\t\t\t<div class=\"elementor-column elementor-col-100 elementor-top-column elementor-element elementor-element-1537900\" data-id=\"1537900\" data-element_type=\"column\" data-e-type=\"column\">\n\t\t\t<div class=\"elementor-widget-wrap elementor-element-populated\">\n\t\t\t\t\t\t<div class=\"elementor-element elementor-element-67f88c1 elementor-widget elementor-widget-heading\" data-id=\"67f88c1\" data-element_type=\"widget\" data-e-type=\"widget\" data-widget_type=\"heading.default\">\n\t\t\t\t\t<h1 class=\"elementor-heading-title elementor-size-default\">Poznaj nasz zesp\u00f3\u0142!<\/h1>\t\t\t\t<\/div>\n\t\t\t\t<section class=\"elementor-section elementor-inner-section elementor-element elementor-element-56e661f elementor-section-boxed elementor-section-height-default elementor-section-height-default\" data-id=\"56e661f\" data-element_type=\"section\" data-e-type=\"section\">\n\t\t\t\t\t\t<div class=\"elementor-container elementor-column-gap-no\">\n\t\t\t\t\t<div class=\"elementor-column elementor-col-100 elementor-inner-column elementor-element elementor-element-edd04e2 sticky-container\" data-id=\"edd04e2\" data-element_type=\"column\" data-e-type=\"column\">\n\t\t\t<div class=\"elementor-widget-wrap elementor-element-populated\">\n\t\t\t\t\t\t<div class=\"elementor-element elementor-element-8d07946 elementor-widget__width-auto elementor-widget-mobile__width-initial elementor-teams-layout-social-center elementor-widget elementor-widget-tmcore-team-box\" data-id=\"8d07946\" data-element_type=\"widget\" data-e-type=\"widget\" data-widget_type=\"tmcore-team-box.default\">\n\t\t\t\t<div class=\"elementor-widget-container\">\n\t\t\t\t\t        <div class=\"elementor-teams-wrapper\">\n                        <div class=\"team-image\">\n                <img decoding=\"async\" width=\"220\" height=\"220\" src=\"https:\/\/stacjafinanse.pl\/wp-content\/uploads\/2024\/06\/team-1.png\" class=\"attachment-full size-full wp-image-606\" alt=\"\" srcset=\"https:\/\/stacjafinanse.pl\/wp-content\/uploads\/2024\/06\/team-1.png 220w, https:\/\/stacjafinanse.pl\/wp-content\/uploads\/2024\/06\/team-1-100x100.png 100w, https:\/\/stacjafinanse.pl\/wp-content\/uploads\/2024\/06\/team-1-150x150.png 150w, https:\/\/stacjafinanse.pl\/wp-content\/uploads\/2024\/06\/team-1-96x96.png 96w\" sizes=\"(max-width: 220px) 100vw, 220px\" \/>            <\/div>\n\n                            <div class=\"team-name\"><a href=\"#\">Pawe\u0142 Stru\u017cek<\/a><\/div>\n                                        <div class=\"team-job\">Co-Founder<\/div>\n                        <div class=\"team-icon-socials\">\n                <ul>\n                                                                                                                                                                                                                    <\/ul>\n            <\/div>\n                            <\/div>\n        \t\t\t\t<\/div>\n\t\t\t\t<\/div>\n\t\t\t\t<div class=\"elementor-element elementor-element-13fc90f elementor-widget__width-auto elementor-widget-mobile__width-initial elementor-teams-layout-social-center elementor-widget elementor-widget-tmcore-team-box\" data-id=\"13fc90f\" data-element_type=\"widget\" data-e-type=\"widget\" data-widget_type=\"tmcore-team-box.default\">\n\t\t\t\t<div class=\"elementor-widget-container\">\n\t\t\t\t\t        <div class=\"elementor-teams-wrapper\">\n                        <div class=\"team-image\">\n                <img decoding=\"async\" width=\"220\" height=\"220\" src=\"https:\/\/stacjafinanse.pl\/wp-content\/uploads\/2024\/06\/team-3.png\" class=\"attachment-full size-full wp-image-609\" alt=\"\" srcset=\"https:\/\/stacjafinanse.pl\/wp-content\/uploads\/2024\/06\/team-3.png 220w, https:\/\/stacjafinanse.pl\/wp-content\/uploads\/2024\/06\/team-3-100x100.png 100w, https:\/\/stacjafinanse.pl\/wp-content\/uploads\/2024\/06\/team-3-150x150.png 150w, https:\/\/stacjafinanse.pl\/wp-content\/uploads\/2024\/06\/team-3-96x96.png 96w\" sizes=\"(max-width: 220px) 100vw, 220px\" \/>            <\/div>\n\n                            <div class=\"team-name\"><a href=\"#\">Lorem Ipsum<\/a><\/div>\n                                        <div class=\"team-job\">Doradca Kredytowy<\/div>\n                        <div class=\"team-icon-socials\">\n                <ul>\n                                                                                                                                                                                                                    <\/ul>\n            <\/div>\n                            <\/div>\n        \t\t\t\t<\/div>\n\t\t\t\t<\/div>\n\t\t\t\t<div class=\"elementor-element elementor-element-a112f55 elementor-widget__width-auto elementor-widget-mobile__width-initial elementor-teams-layout-social-center elementor-widget elementor-widget-tmcore-team-box\" data-id=\"a112f55\" data-element_type=\"widget\" data-e-type=\"widget\" data-widget_type=\"tmcore-team-box.default\">\n\t\t\t\t<div class=\"elementor-widget-container\">\n\t\t\t\t\t        <div class=\"elementor-teams-wrapper\">\n                        <div class=\"team-image\">\n                <img loading=\"lazy\" decoding=\"async\" width=\"220\" height=\"220\" src=\"https:\/\/stacjafinanse.pl\/wp-content\/uploads\/2024\/06\/team-2.png\" class=\"attachment-full size-full wp-image-607\" alt=\"\" srcset=\"https:\/\/stacjafinanse.pl\/wp-content\/uploads\/2024\/06\/team-2.png 220w, https:\/\/stacjafinanse.pl\/wp-content\/uploads\/2024\/06\/team-2-100x100.png 100w, https:\/\/stacjafinanse.pl\/wp-content\/uploads\/2024\/06\/team-2-150x150.png 150w, https:\/\/stacjafinanse.pl\/wp-content\/uploads\/2024\/06\/team-2-96x96.png 96w\" sizes=\"(max-width: 220px) 100vw, 220px\" \/>            <\/div>\n\n                            <div class=\"team-name\"><a href=\"#\">Lorem ipsum<\/a><\/div>\n                                        <div class=\"team-job\">Doradca Kredytowy<\/div>\n                        <div class=\"team-icon-socials\">\n                <ul>\n                                                                                                                                                                                                                    <\/ul>\n            <\/div>\n                            <\/div>\n        \t\t\t\t<\/div>\n\t\t\t\t<\/div>\n\t\t\t\t\t<\/div>\n\t\t<\/div>\n\t\t\t\t\t<\/div>\n\t\t<\/section>\n\t\t\t\t\t<\/div>\n\t\t<\/div>\n\t\t\t\t\t<\/div>\n\t\t<\/section>\n\t\t\t\t<section class=\"elementor-section elementor-top-section elementor-element elementor-element-5692dea elementor-section-boxed elementor-section-height-default elementor-section-height-default\" data-id=\"5692dea\" data-element_type=\"section\" data-e-type=\"section\">\n\t\t\t\t\t\t<div class=\"elementor-container elementor-column-gap-no\">\n\t\t\t\t\t<div class=\"elementor-column elementor-col-100 elementor-top-column elementor-element elementor-element-5cd937b\" data-id=\"5cd937b\" data-element_type=\"column\" data-e-type=\"column\">\n\t\t\t<div class=\"elementor-widget-wrap elementor-element-populated\">\n\t\t\t\t\t\t<div class=\"elementor-element elementor-element-68495dd elementor-widget elementor-widget-heading\" data-id=\"68495dd\" data-element_type=\"widget\" data-e-type=\"widget\" data-widget_type=\"heading.default\">\n\t\t\t\t\t<h2 class=\"elementor-heading-title elementor-size-default\">Tw\u00f3j spok\u00f3j to nasz priorytet<\/h2>\t\t\t\t<\/div>\n\t\t\t\t<div class=\"elementor-element elementor-element-dd29dd3 elementor-widget__width-initial elementor-widget elementor-widget-text-editor\" data-id=\"dd29dd3\" data-element_type=\"widget\" data-e-type=\"widget\" data-widget_type=\"text-editor.default\">\n\t\t\t\t\t\t\t\t\t<b>W Stacja Finanse zapewniamy naszym klientom dost\u0119p do najkorzystniejszych ofert bankowych, jednocze\u015bnie oszcz\u0119dzaj\u0105c ich czas i nerwy. <\/b><br>\n\nPracujemy zar\u00f3wno z osobami, kt\u00f3re nie maj\u0105 do\u015bwiadczenia w obszarze finans\u00f3w, jak i z tymi, kt\u00f3re nie chc\u0105 traci\u0107 czasu na samodzielne poszukiwanie <br>i organizacj\u0119 finansowania. Dzia\u0142amy zawsze w trosce o dobro naszych klient\u00f3w \u2013 doradzamy, pomagamy unika\u0107 zb\u0119dnych koszt\u00f3w i proponujemy rozwi\u0105zania idealnie dopasowane do indywidualnych potrzeb.<b><\/b>\t\t\t\t\t\t\t\t<\/div>\n\t\t\t\t<div class=\"elementor-element elementor-element-13850ce elementor-align-center elementor-widget elementor-widget-button\" data-id=\"13850ce\" data-element_type=\"widget\" data-e-type=\"widget\" data-widget_type=\"button.default\">\n\t\t\t\t\t\t\t\t\t\t<a class=\"elementor-button elementor-button-link elementor-size-sm\" href=\"https:\/\/stacjafinanse.pl\/index.php\/contact-us\" target=\"_blank\">\n\t\t\t\t\t\t<span class=\"elementor-button-content-wrapper\">\n\t\t\t\t\t\t<span class=\"elementor-button-icon\">\n\t\t\t\t<svg aria-hidden=\"true\" class=\"e-font-icon-svg e-far-envelope\" viewBox=\"0 0 512 512\" xmlns=\"http:\/\/www.w3.org\/2000\/svg\"><path d=\"M464 64H48C21.49 64 0 85.49 0 112v288c0 26.51 21.49 48 48 48h416c26.51 0 48-21.49 48-48V112c0-26.51-21.49-48-48-48zm0 48v40.805c-22.422 18.259-58.168 46.651-134.587 106.49-16.841 13.247-50.201 45.072-73.413 44.701-23.208.375-56.579-31.459-73.413-44.701C106.18 199.465 70.425 171.067 48 152.805V112h416zM48 400V214.398c22.914 18.251 55.409 43.862 104.938 82.646 21.857 17.205 60.134 55.186 103.062 54.955 42.717.231 80.509-37.199 103.053-54.947 49.528-38.783 82.032-64.401 104.947-82.653V400H48z\"><\/path><\/svg>\t\t\t<\/span>\n\t\t\t\t\t\t\t\t\t<span class=\"elementor-button-text\">Napisz do nas<\/span>\n\t\t\t\t\t<\/span>\n\t\t\t\t\t<\/a>\n\t\t\t\t\t\t\t\t<\/div>\n\t\t\t\t\t<\/div>\n\t\t<\/div>\n\t\t\t\t\t<\/div>\n\t\t<\/section>\n\t\t\t\t<section class=\"elementor-section elementor-top-section elementor-element elementor-element-98f3c40 elementor-section-boxed elementor-section-height-default elementor-section-height-default\" data-id=\"98f3c40\" data-element_type=\"section\" data-e-type=\"section\">\n\t\t\t\t\t\t<div class=\"elementor-container elementor-column-gap-no\">\n\t\t\t\t\t<div class=\"elementor-column elementor-col-100 elementor-top-column elementor-element elementor-element-df863fe\" data-id=\"df863fe\" data-element_type=\"column\" data-e-type=\"column\">\n\t\t\t<div class=\"elementor-widget-wrap elementor-element-populated\">\n\t\t\t\t\t\t<div class=\"elementor-element elementor-element-e313b65 elementor-widget-divider--view-line elementor-widget elementor-widget-divider\" data-id=\"e313b65\" data-element_type=\"widget\" data-e-type=\"widget\" data-widget_type=\"divider.default\">\n\t\t\t\t\t\t\t<div class=\"elementor-divider\">\n\t\t\t<span class=\"elementor-divider-separator\">\n\t\t\t\t\t\t<\/span>\n\t\t<\/div>\n\t\t\t\t\t\t<\/div>\n\t\t\t\t\t<\/div>\n\t\t<\/div>\n\t\t\t\t\t<\/div>\n\t\t<\/section>\n\t\t\t\t<\/div>\n\t\t","protected":false},"excerpt":{"rendered":"<p>Kim jeste\u015bmy? Lorem ipsum dolor sit amet, consectetur adipiscing elit. Donec sodales ullamcorper magna non condimentum. Donec tincidunt, lectus a suscipit rhoncus, nisl eros tristique urna, in sodales sapien justo dictum nisi. Do\u015bwiadczony zesp\u00f3\u0142 z wykszta\u0142ceniem finansowym Lorem ipsum dolor sit amet, consectetur adipiscing elit. Donec sodales ullamcorper magna non condimentum. Partnerskie, przyjazne podej\u015bcie do&#8230;<\/p>\n","protected":false},"author":1,"featured_media":0,"parent":0,"menu_order":0,"comment_status":"closed","ping_status":"closed","template":"","meta":{"_bst_post_transparent":"","_bst_post_title":"default","_bst_post_layout":"default","_bst_post_sidebar_id":"","_bst_post_content_style":"unboxed","_bst_post_vertical_padding":"default","_bst_post_feature":"hide","_bst_post_feature_position":"","_bst_post_header":false,"_bst_post_footer":false,"footnotes":""},"class_list":["post-25","page","type-page","status-publish","hentry"],"_links":{"self":[{"href":"https:\/\/stacjafinanse.pl\/index.php\/wp-json\/wp\/v2\/pages\/25","targetHints":{"allow":["GET"]}}],"collection":[{"href":"https:\/\/stacjafinanse.pl\/index.php\/wp-json\/wp\/v2\/pages"}],"about":[{"href":"https:\/\/stacjafinanse.pl\/index.php\/wp-json\/wp\/v2\/types\/page"}],"author":[{"embeddable":true,"href":"https:\/\/stacjafinanse.pl\/index.php\/wp-json\/wp\/v2\/users\/1"}],"replies":[{"embeddable":true,"href":"https:\/\/stacjafinanse.pl\/index.php\/wp-json\/wp\/v2\/comments?post=25"}],"version-history":[{"count":32,"href":"https:\/\/stacjafinanse.pl\/index.php\/wp-json\/wp\/v2\/pages\/25\/revisions"}],"predecessor-version":[{"id":2037,"href":"https:\/\/stacjafinanse.pl\/index.php\/wp-json\/wp\/v2\/pages\/25\/revisions\/2037"}],"wp:attachment":[{"href":"https:\/\/stacjafinanse.pl\/index.php\/wp-json\/wp\/v2\/media?parent=25"}],"curies":[{"name":"wp","href":"https:\/\/api.w.org\/{rel}","templated":true}]}}